{"id":97,"date":"2020-08-06T14:20:31","date_gmt":"2020-08-06T14:20:31","guid":{"rendered":"https:\/\/demosites.io\/boat-rental-gb\/?page_id=97"},"modified":"2022-10-18T15:52:38","modified_gmt":"2022-10-18T15:52:38","slug":"711ba-about","status":"publish","type":"page","link":"https:\/\/www.ibnrn.pl\/index.php\/711ba-about\/","title":{"rendered":"NASZ ZESP\u00d3\u0141"},"content":{"rendered":"\n<section id=\"wp-block-themeisle-blocks-advanced-columns-dab9e0bf\" class=\"wp-block-themeisle-blocks-advanced-columns alignfull has-1-columns has-desktop-equal-layout has-tablet-equal-layout has-mobile-equal-layout has-vertical-flex-start\"><div class=\"wp-block-themeisle-blocks-advanced-columns-overlay\"><\/div><div class=\"innerblocks-wrap\">\n<div id=\"wp-block-themeisle-blocks-advanced-column-9df22226\" class=\"wp-block-themeisle-blocks-advanced-column\">\n<section id=\"wp-block-themeisle-blocks-advanced-columns-25c95699\" class=\"wp-block-themeisle-blocks-advanced-columns has-1-columns has-desktop-equal-layout has-tablet-equal-layout has-mobile-equal-layout has-vertical-flex-start\"><div class=\"wp-block-themeisle-blocks-advanced-columns-overlay\"><\/div><div class=\"innerblocks-wrap\">\n<div id=\"wp-block-themeisle-blocks-advanced-column-d4d9a4f8\" class=\"wp-block-themeisle-blocks-advanced-column\">\n<h2 class=\"has-text-align-center has-nv-c-1-color has-text-color wp-block-heading\">W\u0142adze fundacji<\/h2>\n\n\n\n<p class=\"has-text-align-center has-neve-text-color-color has-text-color\"><meta charset=\"utf-8\">Fundacja Instytut Bada\u0144 nad Rynkiem Nieruchomo\u015bci zosta\u0142a powo\u0142ana przez zesp\u00f3\u0142 os\u00f3b z wieloletnim do\u015bwiadczeniem i szerok\u0105 wiedz\u0105 o rynkach nieruchomo\u015bci i strategiach zarz\u0105dzania maj\u0105tkiem.<\/p>\n<\/div>\n<\/div><\/section>\n\n\n\n<section id=\"wp-block-themeisle-blocks-advanced-columns-b56443a0\" class=\"wp-block-themeisle-blocks-advanced-columns has-5-columns has-desktop-equal-layout has-tablet-equal-layout has-mobile-collapsedRows-layout has-vertical-flex-start\"><div class=\"wp-block-themeisle-blocks-advanced-columns-overlay\"><\/div><div class=\"innerblocks-wrap\">\n<div id=\"wp-block-themeisle-blocks-advanced-column-1bb9ffb4\" class=\"wp-block-themeisle-blocks-advanced-column\">\n<figure class=\"wp-block-image size-full is-resized is-style-rounded\"><img decoding=\"async\" src=\"http:\/\/www.ibnrn.pl\/wp-content\/uploads\/2022\/10\/DK2.jpg\" alt=\"\" class=\"wp-image-365\" width=\"185\" height=\"184\" srcset=\"https:\/\/www.ibnrn.pl\/wp-content\/uploads\/2022\/10\/DK2.jpg 699w, https:\/\/www.ibnrn.pl\/wp-content\/uploads\/2022\/10\/DK2-300x300.jpg 300w, https:\/\/www.ibnrn.pl\/wp-content\/uploads\/2022\/10\/DK2-150x150.jpg 150w\" sizes=\"(max-width: 185px) 100vw, 185px\" \/><\/figure>\n\n\n\n<h3 class=\"has-text-align-left has-neve-text-color-color has-text-color wp-block-heading\">Daniel <br>Korus<\/h3>\n\n\n\n<div id=\"wp-block-themeisle-blocks-advanced-heading-975f3e9c\" class=\"wp-block-themeisle-blocks-advanced-heading wp-block-themeisle-blocks-advanced-heading-975f3e9c\"><strong>Prezes Zarz\u0105du<\/strong><\/div>\n<\/div>\n\n\n\n<div id=\"wp-block-themeisle-blocks-advanced-column-e0a218d6\" class=\"wp-block-themeisle-blocks-advanced-column\">\n<figure class=\"wp-block-image size-full is-style-rounded\"><img fetchpriority=\"high\" decoding=\"async\" width=\"300\" height=\"288\" src=\"http:\/\/www.ibnrn.pl\/wp-content\/uploads\/2021\/12\/jaceniuk-300x288-1.png\" alt=\"\" class=\"wp-image-214\"\/><\/figure>\n\n\n\n<h3 class=\"has-text-align-left has-neve-text-color-color has-text-color wp-block-heading\">Joanna Jaceniuk<\/h3>\n\n\n\n<div id=\"wp-block-themeisle-blocks-advanced-heading-d8406cda\" class=\"wp-block-themeisle-blocks-advanced-heading wp-block-themeisle-blocks-advanced-heading-d8406cda\"><strong><strong>Rada Fundacji<\/strong><\/strong><\/div>\n<\/div>\n\n\n\n<div id=\"wp-block-themeisle-blocks-advanced-column-c1c7a0fc\" class=\"wp-block-themeisle-blocks-advanced-column\">\n<figure class=\"wp-block-image size-large is-style-rounded\"><img decoding=\"async\" width=\"1024\" height=\"1021\" src=\"http:\/\/www.ibnrn.pl\/wp-content\/uploads\/2022\/10\/CK2-1024x1021.jpg\" alt=\"\" class=\"wp-image-363\" srcset=\"https:\/\/www.ibnrn.pl\/wp-content\/uploads\/2022\/10\/CK2-1024x1021.jpg 1024w, https:\/\/www.ibnrn.pl\/wp-content\/uploads\/2022\/10\/CK2-300x300.jpg 300w, https:\/\/www.ibnrn.pl\/wp-content\/uploads\/2022\/10\/CK2-150x150.jpg 150w, https:\/\/www.ibnrn.pl\/wp-content\/uploads\/2022\/10\/CK2-768x766.jpg 768w, https:\/\/www.ibnrn.pl\/wp-content\/uploads\/2022\/10\/CK2-1536x1531.jpg 1536w, https:\/\/www.ibnrn.pl\/wp-content\/uploads\/2022\/10\/CK2-2048x2042.jpg 2048w\" sizes=\"(max-width: 1024px) 100vw, 1024px\" \/><\/figure>\n\n\n\n<h3 class=\"has-text-align-left has-neve-text-color-color has-text-color wp-block-heading\">Cecylia Kundera<\/h3>\n\n\n\n<div id=\"wp-block-themeisle-blocks-advanced-heading-21102529\" class=\"wp-block-themeisle-blocks-advanced-heading wp-block-themeisle-blocks-advanced-heading-21102529\"><strong><meta charset=\"utf-8\"><strong><strong>Rada Fundacji<\/strong><\/strong><\/strong><\/div>\n<\/div>\n\n\n\n<div id=\"wp-block-themeisle-blocks-advanced-column-a3729e24\" class=\"wp-block-themeisle-blocks-advanced-column\">\n<figure class=\"wp-block-image size-full is-style-rounded\"><img loading=\"lazy\" decoding=\"async\" width=\"528\" height=\"528\" src=\"http:\/\/www.ibnrn.pl\/wp-content\/uploads\/2022\/10\/KD2.jpg\" alt=\"\" class=\"wp-image-372\" srcset=\"https:\/\/www.ibnrn.pl\/wp-content\/uploads\/2022\/10\/KD2.jpg 528w, https:\/\/www.ibnrn.pl\/wp-content\/uploads\/2022\/10\/KD2-300x300.jpg 300w, https:\/\/www.ibnrn.pl\/wp-content\/uploads\/2022\/10\/KD2-150x150.jpg 150w\" sizes=\"(max-width: 528px) 100vw, 528px\" \/><\/figure>\n\n\n\n<h3 class=\"has-neve-text-color-color has-text-color wp-block-heading\">Katarzyna Dzia\u0142o<\/h3>\n\n\n\n<div id=\"wp-block-themeisle-blocks-advanced-heading-38a04793\" class=\"wp-block-themeisle-blocks-advanced-heading wp-block-themeisle-blocks-advanced-heading-38a04793\"><strong><meta charset=\"utf-8\"><strong><strong>Rada Fundacji<\/strong><\/strong><\/strong><\/div>\n<\/div>\n\n\n\n<div id=\"wp-block-themeisle-blocks-advanced-column-e65b11c2\" class=\"wp-block-themeisle-blocks-advanced-column\">\n<figure class=\"wp-block-image size-full is-style-rounded\"><img loading=\"lazy\" decoding=\"async\" width=\"225\" height=\"224\" src=\"http:\/\/www.ibnrn.pl\/wp-content\/uploads\/2021\/12\/maciej-bis-1.jpeg\" alt=\"\" class=\"wp-image-296\" srcset=\"https:\/\/www.ibnrn.pl\/wp-content\/uploads\/2021\/12\/maciej-bis-1.jpeg 225w, https:\/\/www.ibnrn.pl\/wp-content\/uploads\/2021\/12\/maciej-bis-1-150x150.jpeg 150w\" sizes=\"(max-width: 225px) 100vw, 225px\" \/><\/figure>\n\n\n\n<h3 class=\"has-neve-text-color-color has-text-color wp-block-heading\">Maciej <br>Bis<\/h3>\n\n\n\n<div id=\"wp-block-themeisle-blocks-advanced-heading-c71b4021\" class=\"wp-block-themeisle-blocks-advanced-heading wp-block-themeisle-blocks-advanced-heading-c71b4021\"><strong><meta charset=\"utf-8\"><strong><strong>Rada Fundacji<\/strong><\/strong><\/strong><\/div>\n<\/div>\n<\/div><\/section>\n<\/div>\n<\/div><\/section>\n\n\n\n<section id=\"wp-block-themeisle-blocks-advanced-columns-cb87630d\" class=\"wp-block-themeisle-blocks-advanced-columns alignfull has-1-columns has-desktop-equal-layout has-tablet-equal-layout has-mobile-equal-layout has-vertical-center\"><div class=\"wp-block-themeisle-blocks-advanced-columns-overlay\"><\/div><div class=\"innerblocks-wrap\">\n<div id=\"wp-block-themeisle-blocks-advanced-column-a521c34e\" class=\"wp-block-themeisle-blocks-advanced-column\">\n<div id=\"wp-block-themeisle-blocks-advanced-heading-b6b111a1\" class=\"wp-block-themeisle-blocks-advanced-heading wp-block-themeisle-blocks-advanced-heading-b6b111a1\"><\/div>\n\n\n\n<h2 class=\"has-text-align-center has-nv-c-1-color has-text-color wp-block-heading\">Znajd\u017a nas na YouTube<\/h2>\n\n\n\n<div id=\"wp-block-themeisle-blocks-button-group-7a83edb2\" class=\"wp-block-themeisle-blocks-button-group wp-block-buttons align-center\">\n<div id=\"wp-block-themeisle-blocks-button-d1b73eef\" class=\"wp-block-themeisle-blocks-button wp-block-button is-style-outline\"><a href=\"https:\/\/www.youtube.com\/channel\/UCmX1CbRyQlLOKNp5Ve0y0FA\" target=\"_blank\" rel=\"noopener noreferrer\" class=\"wp-block-button__link\"><i class=\"fas fa-fw fa-play-circle\"><\/i><\/a><\/div>\n<\/div>\n<\/div>\n<\/div><\/section>\n","protected":false},"excerpt":{"rendered":"","protected":false},"author":1,"featured_media":0,"parent":0,"menu_order":0,"comment_status":"closed","ping_status":"closed","template":"page-templates\/template-pagebuilder-full-width.php","meta":{"neve_meta_sidebar":"full-width","neve_meta_container":"","neve_meta_enable_content_width":"on","neve_meta_content_width":100,"neve_meta_title_alignment":"","neve_meta_author_avatar":"","neve_post_elements_order":"","neve_meta_disable_header":"","neve_meta_disable_footer":"","neve_meta_disable_title":"","_themeisle_gutenberg_block_has_review":false,"footnotes":""},"_links":{"self":[{"href":"https:\/\/www.ibnrn.pl\/index.php\/wp-json\/wp\/v2\/pages\/97"}],"collection":[{"href":"https:\/\/www.ibnrn.pl\/index.php\/wp-json\/wp\/v2\/pages"}],"about":[{"href":"https:\/\/www.ibnrn.pl\/index.php\/wp-json\/wp\/v2\/types\/page"}],"author":[{"embeddable":true,"href":"https:\/\/www.ibnrn.pl\/index.php\/wp-json\/wp\/v2\/users\/1"}],"replies":[{"embeddable":true,"href":"https:\/\/www.ibnrn.pl\/index.php\/wp-json\/wp\/v2\/comments?post=97"}],"version-history":[{"count":14,"href":"https:\/\/www.ibnrn.pl\/index.php\/wp-json\/wp\/v2\/pages\/97\/revisions"}],"predecessor-version":[{"id":373,"href":"https:\/\/www.ibnrn.pl\/index.php\/wp-json\/wp\/v2\/pages\/97\/revisions\/373"}],"wp:attachment":[{"href":"https:\/\/www.ibnrn.pl\/index.php\/wp-json\/wp\/v2\/media?parent=97"}],"curies":[{"name":"wp","href":"https:\/\/api.w.org\/{rel}","templated":true}]}}