{"id":96,"date":"2020-08-06T14:20:17","date_gmt":"2020-08-06T14:20:17","guid":{"rendered":"https:\/\/demosites.io\/boat-rental-gb\/?page_id=96"},"modified":"2023-03-06T09:43:03","modified_gmt":"2023-03-06T09:43:03","slug":"711ba-home","status":"publish","type":"page","link":"https:\/\/www.ibnrn.pl\/","title":{"rendered":"O FUNDACJI"},"content":{"rendered":"\n<section id=\"wp-block-themeisle-blocks-advanced-columns-335a2f03\" class=\"wp-block-themeisle-blocks-advanced-columns alignfull has-1-columns has-desktop-equal-layout has-tablet-equal-layout has-mobile-equal-layout has-vertical-center\"><div class=\"wp-block-themeisle-blocks-advanced-columns-overlay\"><\/div><div class=\"innerblocks-wrap\">\n<div id=\"wp-block-themeisle-blocks-advanced-column-5d90343f\" class=\"wp-block-themeisle-blocks-advanced-column\">\n<section id=\"wp-block-themeisle-blocks-advanced-columns-b2ead1d6\" class=\"wp-block-themeisle-blocks-advanced-columns has-2-columns has-desktop-equal-layout has-tablet-equal-layout has-mobile-collapsedRows-layout has-vertical-flex-start\"><div class=\"wp-block-themeisle-blocks-advanced-columns-overlay\"><\/div><div class=\"innerblocks-wrap\">\n<div id=\"wp-block-themeisle-blocks-advanced-column-7c705a1c\" class=\"wp-block-themeisle-blocks-advanced-column\">\n<h2 class=\"has-text-align-left has-nv-c-1-color has-text-color wp-block-heading\">O fundacji<\/h2>\n\n\n\n<p><strong>Fundacja Instytut Bada\u0144 nad Rynkiem Nieruchomo\u015bci <\/strong>zosta\u0142a powo\u0142ana przez zesp\u00f3\u0142 os\u00f3b z wieloletnim do\u015bwiadczeniem i szerok\u0105 wiedz\u0105 o rynkach nieruchomo\u015bci i strategiach zarz\u0105dzania maj\u0105tkiem.<\/p>\n\n\n\n<p><strong>Misj\u0105 Instytutu jest <\/strong>badanie rynku nieruchomo\u015bci, sporz\u0105dzanie raport\u00f3w zwi\u0105zanych z rynkiem<br>nieruchomo\u015bci oraz stymulowanie oraz opiniowanie inicjatyw gospodarczych i rozwi\u0105za\u0144 legislacyjnych.<\/p>\n<\/div>\n\n\n\n<div id=\"wp-block-themeisle-blocks-advanced-column-5f9a9ec0\" class=\"wp-block-themeisle-blocks-advanced-column\">\n<figure class=\"wp-block-image size-full\"><img fetchpriority=\"high\" decoding=\"async\" width=\"640\" height=\"360\" src=\"http:\/\/www.ibnrn.pl\/wp-content\/uploads\/2022\/12\/condo-gb0c8ca6f3_640.jpg\" alt=\"\" class=\"wp-image-400\" srcset=\"https:\/\/www.ibnrn.pl\/wp-content\/uploads\/2022\/12\/condo-gb0c8ca6f3_640.jpg 640w, https:\/\/www.ibnrn.pl\/wp-content\/uploads\/2022\/12\/condo-gb0c8ca6f3_640-300x169.jpg 300w\" sizes=\"(max-width: 640px) 100vw, 640px\" \/><\/figure>\n<\/div>\n<\/div><\/section>\n\n\n\n<section id=\"wp-block-themeisle-blocks-advanced-columns-8e7cc7ae\" class=\"wp-block-themeisle-blocks-advanced-columns has-0-columns has-desktop-equal-layout has-tablet-equal-layout has-mobile-equal-layout has-vertical-flex-start\"><div class=\"wp-block-themeisle-blocks-advanced-columns-overlay\"><\/div><div class=\"innerblocks-wrap\"><\/div><\/section>\n<\/div>\n<\/div><\/section>\n\n\n\n<section id=\"wp-block-themeisle-blocks-advanced-columns-546fa8db\" class=\"wp-block-themeisle-blocks-advanced-columns has-3-columns has-desktop-equal-layout has-tablet-equal-layout has-mobile-collapsedRows-layout has-vertical-flex-start\"><div class=\"wp-block-themeisle-blocks-advanced-columns-overlay\"><\/div><div class=\"innerblocks-wrap\">\n<div id=\"wp-block-themeisle-blocks-advanced-column-a03592cc\" class=\"wp-block-themeisle-blocks-advanced-column\">\n<h2 class=\"has-text-align-left wp-block-heading\">Co robimy?<\/h2>\n\n\n\n<p class=\"has-text-align-left\"><\/p>\n<\/div>\n\n\n\n<div id=\"wp-block-themeisle-blocks-advanced-column-5b750788\" class=\"wp-block-themeisle-blocks-advanced-column\">\n<p class=\"wp-block-themeisle-blocks-font-awesome-icons\" id=\"wp-block-themeisle-blocks-font-awesome-icons-dd44db15\"><span class=\"wp-block-themeisle-blocks-font-awesome-icons-container\"><i class=\"fas fa-book-open\"><\/i><\/span><\/p>\n\n\n\n<h3 class=\"has-text-align-left has-neve-text-color-color has-text-color wp-block-heading\">Raporty analityczne<\/h3>\n\n\n\n<p class=\"has-text-align-left has-neve-text-color-color has-text-color\">Na podstawie oficjalnych danych informujemy o tym jak zmienia si\u0119 stan rynku nieruchomo\u015bci. Wskazujemy trendy, opiniujemy, przedstawiamy dalsze mo\u017cliwe scenariusze zmiany cen.<\/p>\n\n\n\n<div id=\"wp-block-themeisle-blocks-advanced-heading-b85b80d0\" class=\"wp-block-themeisle-blocks-advanced-heading wp-block-themeisle-blocks-advanced-heading-b85b80d0\"><\/div>\n\n\n\n<div class=\"wp-block-buttons is-layout-flex wp-block-buttons-is-layout-flex\"><\/div>\n<\/div>\n\n\n\n<div id=\"wp-block-themeisle-blocks-advanced-column-e5ff65c9\" class=\"wp-block-themeisle-blocks-advanced-column\">\n<p class=\"wp-block-themeisle-blocks-font-awesome-icons\" id=\"wp-block-themeisle-blocks-font-awesome-icons-10d3b7cc\"><span class=\"wp-block-themeisle-blocks-font-awesome-icons-container\"><i class=\"fas fa-chalkboard-teacher\"><\/i><\/span><\/p>\n\n\n\n<h3 class=\"has-text-align-left has-neve-text-color-color has-text-color wp-block-heading\">Konsultacje<\/h3>\n\n\n\n<p class=\"has-text-align-left has-neve-text-color-color has-text-color\">Poprzez konsultacje omawiamy spos\u00f3b dzia\u0142ania na ryzykownych i zmieniaj\u0105cych si\u0119 rynkach, w oparciu o analiz\u0119 rynku i nie tylko.<\/p>\n\n\n\n<p><\/p>\n\n\n\n<div id=\"wp-block-themeisle-blocks-advanced-heading-a003df52\" class=\"wp-block-themeisle-blocks-advanced-heading wp-block-themeisle-blocks-advanced-heading-a003df52\"><\/div>\n\n\n\n<div class=\"wp-block-buttons is-layout-flex wp-block-buttons-is-layout-flex\"><\/div>\n<\/div>\n<\/div><\/section>\n\n\n\n<section id=\"wp-block-themeisle-blocks-advanced-columns-d3f6e8e1\" class=\"wp-block-themeisle-blocks-advanced-columns alignfull has-1-columns has-desktop-equal-layout has-tablet-equal-layout has-mobile-equal-layout has-vertical-flex-start\"><div class=\"wp-block-themeisle-blocks-advanced-columns-overlay\"><\/div><div class=\"innerblocks-wrap\">\n<div id=\"wp-block-themeisle-blocks-advanced-column-ced8f435\" class=\"wp-block-themeisle-blocks-advanced-column\">\n<section id=\"wp-block-themeisle-blocks-advanced-columns-62d68e08\" class=\"wp-block-themeisle-blocks-advanced-columns has-1-columns has-desktop-equal-layout has-tablet-equal-layout has-mobile-equal-layout has-vertical-flex-start\"><div class=\"wp-block-themeisle-blocks-advanced-columns-overlay\"><\/div><div class=\"innerblocks-wrap\">\n<div id=\"wp-block-themeisle-blocks-advanced-column-ba020b38\" class=\"wp-block-themeisle-blocks-advanced-column\">\n<h2 class=\"has-text-align-center has-neve-text-color-color has-text-color wp-block-heading\">Cele naszej fundacji<\/h2>\n\n\n\n<p>Celem Fundacji jest prowadzenie dzia\u0142alno\u015bci po\u017cytku publicznego i dzia\u0142alno\u015bci spo\u0142ecznie<br>u\u017cytecznej poprzez prowadzenie m.in.:<\/p>\n<\/div>\n<\/div><\/section>\n\n\n\n<section id=\"wp-block-themeisle-blocks-advanced-columns-6aaf299c\" class=\"wp-block-themeisle-blocks-advanced-columns has-3-columns has-desktop-equal-layout has-tablet-equal-layout has-mobile-collapsedRows-layout has-vertical-flex-start\"><div class=\"wp-block-themeisle-blocks-advanced-columns-overlay\"><\/div><div class=\"innerblocks-wrap\">\n<div id=\"wp-block-themeisle-blocks-advanced-column-bcedf2e9\" class=\"wp-block-themeisle-blocks-advanced-column\">\n<p class=\"wp-block-themeisle-blocks-font-awesome-icons\" id=\"wp-block-themeisle-blocks-font-awesome-icons-c03a2c53\"><span class=\"wp-block-themeisle-blocks-font-awesome-icons-container\"><i class=\"fas fa-briefcase\"><\/i><\/span><\/p>\n\n\n\n<h3 class=\"has-text-align-left has-medium-font-size wp-block-heading\">Dzia\u0142alno\u015bci wspomagaj\u0105cej rozw\u00f3j gospodarczy, w tym rozw\u00f3j przedsi\u0119biorczo\u015bci<\/h3>\n\n\n\n<p style=\"font-size:15px\">Naszym celem jest realizacja zada\u0144 zwi\u0105zanych ze wsparciem rozwoju gospodarczego i przedsi\u0119biorczo\u015bci. Realizujemy to poprzez:<\/p>\n\n\n\n<p style=\"font-size:15px\">a) promowanie wydarze\u0144, kt\u00f3re maj\u0105 na celu pobudzanie przedsi\u0119biorczo\u015bci,<\/p>\n\n\n\n<p style=\"font-size:15px\">b) dzia\u0142ania o charakterze informacyjnym i szkoleniowym wspieraj\u0105ce przedsi\u0119biorc\u00f3w lub osoby zak\u0142adaj\u0105ce w\u0142asny biznes.<\/p>\n<\/div>\n\n\n\n<div id=\"wp-block-themeisle-blocks-advanced-column-ff9b9caf\" class=\"wp-block-themeisle-blocks-advanced-column\">\n<p class=\"wp-block-themeisle-blocks-font-awesome-icons\" id=\"wp-block-themeisle-blocks-font-awesome-icons-8cbaa65a\"><span class=\"wp-block-themeisle-blocks-font-awesome-icons-container\"><i class=\"fab fa-houzz\"><\/i><\/span><\/p>\n\n\n\n<h3 class=\"has-text-align-left has-medium-font-size wp-block-heading\">Dzia\u0142alno\u015bci w przedmiocie prowadzenia bada\u0144 naukowych oraz przedsi\u0119wzi\u0119\u0107 edukacyjnych w zakresie rozwoju przestrzennego i gospodarki nieruchomo\u015bciami<\/h3>\n\n\n\n<p style=\"font-size:15px\">Rynek nieruchomo\u015bci w wielu miastach rozwija si\u0119 w bardzo szybkim tempie &#8211; nie brakuje nowych inwestycji mieszkaniowych, kt\u00f3re potrafi\u0105 w znacz\u0105cy spos\u00f3b zmieni\u0107 poruszanie si\u0119 po danym mie\u015bcie. <\/p>\n\n\n\n<p style=\"font-size:15px\">Prowadzimy badania dot. r\u00f3\u017cnych rodzaj\u00f3w nieruchomo\u015bci, aby przekona\u0107 si\u0119 jak obecnie kszta\u0142tuje si\u0119 rozw\u00f3j przestrzenny w poszczeg\u00f3lnych miastach. <\/p>\n<\/div>\n\n\n\n<div id=\"wp-block-themeisle-blocks-advanced-column-6be03cf4\" class=\"wp-block-themeisle-blocks-advanced-column\">\n<p class=\"wp-block-themeisle-blocks-font-awesome-icons\" id=\"wp-block-themeisle-blocks-font-awesome-icons-b04adf17\"><span class=\"wp-block-themeisle-blocks-font-awesome-icons-container\"><i class=\"fas fa-building\"><\/i><\/span><\/p>\n\n\n\n<h3 class=\"has-text-align-left has-medium-font-size wp-block-heading\">Dzia\u0142alno\u015bci wspomagaj\u0105cej rozw\u00f3j wsp\u00f3lnot i spo\u0142eczno\u015bci lokalnych                <\/h3>\n\n\n\n<p>Zajmujemy si\u0119 opracowywaniem diagnoz na potrzeby dzia\u0142a\u0144 partycypacyjnych i konsultacyjnych oraz funkcjonowania jednostek pomocniczych w gminach i powiatach.<\/p>\n\n\n\n<div class=\"wp-block-buttons is-layout-flex wp-block-buttons-is-layout-flex\">\n<div class=\"wp-block-button has-custom-width wp-block-button__width-100 is-style-secondary\"><a class=\"wp-block-button__link has-nv-c-1-color has-nv-site-bg-background-color has-text-color has-background\" href=\"https:\/\/tc3-img-dev.s3.eu-central-1.amazonaws.com\/ea7f8859502d0f152ed35ebd7b1a208936c6ebc48d8bd8b1ce530e0d81ed249e\" style=\"border-radius:50px\" target=\"_blank\" rel=\"noreferrer noopener\">NASZ STATUT ZNAJDZIESZ TUTAJ<\/a><\/div>\n\n\n\n<div class=\"wp-block-button has-custom-width wp-block-button__width-100 is-style-secondary\"><a class=\"wp-block-button__link has-nv-c-1-color has-nv-site-bg-background-color has-text-color has-background\" href=\"https:\/\/drive.google.com\/file\/d\/1U-7h8w-j4a-WMpp7zqZHzZnIyLgk7kyT\/view\" style=\"border-radius:50px\" target=\"_blank\" rel=\"noreferrer noopener\">SPRAWOZDANIE Z NASZEJ DZIA\u0141ALNO\u015aCI ZA 2021 ROK ZNAJDZIESZ TUTAJ<\/a><\/div>\n<\/div>\n\n\n\n<p><\/p>\n<\/div>\n<\/div><\/section>\n<\/div>\n<\/div><\/section>\n\n\n\n<section id=\"wp-block-themeisle-blocks-advanced-columns-840bb84e\" class=\"wp-block-themeisle-blocks-advanced-columns alignfull has-1-columns has-desktop-equal-layout has-tablet-equal-layout has-mobile-equal-layout has-vertical-flex-start\"><div class=\"wp-block-themeisle-blocks-advanced-columns-overlay\"><\/div><div class=\"innerblocks-wrap\">\n<div id=\"wp-block-themeisle-blocks-advanced-column-2672e39d\" class=\"wp-block-themeisle-blocks-advanced-column\">\n<section id=\"wp-block-themeisle-blocks-advanced-columns-cf2d2b21\" class=\"wp-block-themeisle-blocks-advanced-columns has-1-columns has-desktop-equal-layout has-tablet-equal-layout has-mobile-equal-layout has-vertical-flex-start\"><div class=\"wp-block-themeisle-blocks-advanced-columns-overlay\"><\/div><div class=\"innerblocks-wrap\">\n<div id=\"wp-block-themeisle-blocks-advanced-column-df819df2\" class=\"wp-block-themeisle-blocks-advanced-column\">\n<div id=\"wp-block-themeisle-blocks-advanced-heading-aaf285dd\" class=\"wp-block-themeisle-blocks-advanced-heading wp-block-themeisle-blocks-advanced-heading-aaf285dd\"><strong>BLOG<\/strong><\/div>\n\n\n\n<h2 class=\"has-text-align-center has-neve-text-color-color has-text-color wp-block-heading\">Najnowsze wpisy<\/h2>\n<\/div>\n<\/div><\/section>\n\n\n<div class=\"wp-block-themeisle-blocks-posts-grid\" id=\"wp-block-themeisle-blocks-posts-grid-7e293a07\"><div class=\"is-list\"><div class=\"o-posts-grid-post-blog o-posts-grid-post-plain\"><div class=\"o-posts-grid-post\"><div class=\"o-posts-grid-post-image\"><a href=\"https:\/\/www.ibnrn.pl\/index.php\/2025\/12\/15\/trendy-zmiany-cen-na-rynku-nieruchomosci-rybnik\/\"><img decoding=\"async\" width=\"1440\" height=\"1920\" src=\"https:\/\/www.ibnrn.pl\/wp-content\/uploads\/2025\/12\/rybnik.jpg\" class=\"attachment-full size-full\" alt=\"Trendy zmiany cen na rynku nieruchomo\u015bci &#8211; Rybnik\" srcset=\"https:\/\/www.ibnrn.pl\/wp-content\/uploads\/2025\/12\/rybnik.jpg 1440w, https:\/\/www.ibnrn.pl\/wp-content\/uploads\/2025\/12\/rybnik-225x300.jpg 225w, https:\/\/www.ibnrn.pl\/wp-content\/uploads\/2025\/12\/rybnik-768x1024.jpg 768w, https:\/\/www.ibnrn.pl\/wp-content\/uploads\/2025\/12\/rybnik-1152x1536.jpg 1152w\" sizes=\"(max-width: 1440px) 100vw, 1440px\" \/><\/a><\/div><div class=\"o-posts-grid-post-body\"><h3 class=\"o-posts-grid-post-title\"><a href=\"https:\/\/www.ibnrn.pl\/index.php\/2025\/12\/15\/trendy-zmiany-cen-na-rynku-nieruchomosci-rybnik\/\">Trendy zmiany cen na rynku nieruchomo\u015bci &#8211; Rybnik<\/a><\/h3><p class=\"o-posts-grid-post-meta\">by <a href=\"https:\/\/www.ibnrn.pl\/index.php\/author\/admin\/\">Daniel Korus<\/a><\/p><div class=\"o-posts-grid-post-description\"><p>Wprowadzenie Rybnik, po\u0142o\u017cony w po\u0142udniowej cz\u0119\u015bci wojew\u00f3dztwa \u015bl\u0105skiego, jest jednym z wa\u017cniejszych\u2026<\/p><\/div><\/div><\/div><\/div><div class=\"o-posts-grid-post-blog o-posts-grid-post-plain\"><div class=\"o-posts-grid-post\"><div class=\"o-posts-grid-post-image\"><a href=\"https:\/\/www.ibnrn.pl\/index.php\/2025\/09\/02\/trendy-zmiany-cen-na-rynku-nieruchomosci-elblag-2\/\"><img decoding=\"async\" width=\"640\" height=\"428\" src=\"https:\/\/www.ibnrn.pl\/wp-content\/uploads\/2025\/09\/elblag-493403_640.jpg\" class=\"attachment-full size-full\" alt=\"Trendy zmiany cen na rynku nieruchomo\u015bci &#8211; Elbl\u0105g\" srcset=\"https:\/\/www.ibnrn.pl\/wp-content\/uploads\/2025\/09\/elblag-493403_640.jpg 640w, https:\/\/www.ibnrn.pl\/wp-content\/uploads\/2025\/09\/elblag-493403_640-300x201.jpg 300w\" sizes=\"(max-width: 640px) 100vw, 640px\" \/><\/a><\/div><div class=\"o-posts-grid-post-body\"><h3 class=\"o-posts-grid-post-title\"><a href=\"https:\/\/www.ibnrn.pl\/index.php\/2025\/09\/02\/trendy-zmiany-cen-na-rynku-nieruchomosci-elblag-2\/\">Trendy zmiany cen na rynku nieruchomo\u015bci &#8211; Elbl\u0105g<\/a><\/h3><p class=\"o-posts-grid-post-meta\">by <a href=\"https:\/\/www.ibnrn.pl\/index.php\/author\/admin\/\">Daniel Korus<\/a><\/p><div class=\"o-posts-grid-post-description\"><p>Wprowadzenie Elbl\u0105g, po\u0142o\u017cony w p\u00f3\u0142nocno-wschodniej Polsce i b\u0119d\u0105cy jednym z wi\u0119kszych o\u015brodk\u00f3w w wo\u2026<\/p><\/div><\/div><\/div><\/div><div class=\"o-posts-grid-post-blog o-posts-grid-post-plain\"><div class=\"o-posts-grid-post\"><div class=\"o-posts-grid-post-image\"><a href=\"https:\/\/www.ibnrn.pl\/index.php\/2025\/06\/14\/trendy-zmiany-cen-na-rynku-nieruchomosci-wroclaw\/\"><img loading=\"lazy\" decoding=\"async\" width=\"1280\" height=\"855\" src=\"https:\/\/www.ibnrn.pl\/wp-content\/uploads\/2025\/06\/wroclaw-3504314_1280.jpg\" class=\"attachment-full size-full\" alt=\"Trendy zmiany cen na rynku nieruchomo\u015bci &#8211; Wroc\u0142aw\" srcset=\"https:\/\/www.ibnrn.pl\/wp-content\/uploads\/2025\/06\/wroclaw-3504314_1280.jpg 1280w, https:\/\/www.ibnrn.pl\/wp-content\/uploads\/2025\/06\/wroclaw-3504314_1280-300x200.jpg 300w, https:\/\/www.ibnrn.pl\/wp-content\/uploads\/2025\/06\/wroclaw-3504314_1280-1024x684.jpg 1024w, https:\/\/www.ibnrn.pl\/wp-content\/uploads\/2025\/06\/wroclaw-3504314_1280-768x513.jpg 768w, https:\/\/www.ibnrn.pl\/wp-content\/uploads\/2025\/06\/wroclaw-3504314_1280-930x620.jpg 930w\" sizes=\"(max-width: 1280px) 100vw, 1280px\" \/><\/a><\/div><div class=\"o-posts-grid-post-body\"><h3 class=\"o-posts-grid-post-title\"><a href=\"https:\/\/www.ibnrn.pl\/index.php\/2025\/06\/14\/trendy-zmiany-cen-na-rynku-nieruchomosci-wroclaw\/\">Trendy zmiany cen na rynku nieruchomo\u015bci &#8211; Wroc\u0142aw<\/a><\/h3><p class=\"o-posts-grid-post-meta\">by <a href=\"https:\/\/www.ibnrn.pl\/index.php\/author\/admin\/\">Daniel Korus<\/a><\/p><div class=\"o-posts-grid-post-description\"><p>Wprowadzenie Wroc\u0142aw to stolica wojew\u00f3dztwa dolno\u015bl\u0105skiego i jedno z najwi\u0119kszych oraz najbardziej d\u2026<\/p><\/div><\/div><\/div><\/div><\/div> <\/div><\/div>\n<\/div><\/section>\n\n\n\n<section id=\"wp-block-themeisle-blocks-advanced-columns-746096b2\" class=\"wp-block-themeisle-blocks-advanced-columns alignfull has-0-columns has-desktop-equal-layout has-tablet-equal-layout has-mobile-equal-layout has-vertical-flex-start\"><div class=\"wp-block-themeisle-blocks-advanced-columns-overlay\"><\/div><div class=\"innerblocks-wrap\"><\/div><\/section>\n","protected":false},"excerpt":{"rendered":"","protected":false},"author":1,"featured_media":0,"parent":0,"menu_order":0,"comment_status":"closed","ping_status":"closed","template":"page-templates\/template-pagebuilder-full-width.php","meta":{"neve_meta_sidebar":"full-width","neve_meta_container":"full-width","neve_meta_enable_content_width":"on","neve_meta_content_width":100,"neve_meta_title_alignment":"left","neve_meta_author_avatar":"","neve_post_elements_order":"","neve_meta_disable_header":"","neve_meta_disable_footer":"","neve_meta_disable_title":"","_themeisle_gutenberg_block_has_review":false,"footnotes":""},"_links":{"self":[{"href":"https:\/\/www.ibnrn.pl\/index.php\/wp-json\/wp\/v2\/pages\/96"}],"collection":[{"href":"https:\/\/www.ibnrn.pl\/index.php\/wp-json\/wp\/v2\/pages"}],"about":[{"href":"https:\/\/www.ibnrn.pl\/index.php\/wp-json\/wp\/v2\/types\/page"}],"author":[{"embeddable":true,"href":"https:\/\/www.ibnrn.pl\/index.php\/wp-json\/wp\/v2\/users\/1"}],"replies":[{"embeddable":true,"href":"https:\/\/www.ibnrn.pl\/index.php\/wp-json\/wp\/v2\/comments?post=96"}],"version-history":[{"count":35,"href":"https:\/\/www.ibnrn.pl\/index.php\/wp-json\/wp\/v2\/pages\/96\/revisions"}],"predecessor-version":[{"id":446,"href":"https:\/\/www.ibnrn.pl\/index.php\/wp-json\/wp\/v2\/pages\/96\/revisions\/446"}],"wp:attachment":[{"href":"https:\/\/www.ibnrn.pl\/index.php\/wp-json\/wp\/v2\/media?parent=96"}],"curies":[{"name":"wp","href":"https:\/\/api.w.org\/{rel}","templated":true}]}}